{"id":1418,"date":"2026-01-29T23:46:12","date_gmt":"2026-01-29T16:46:12","guid":{"rendered":"https:\/\/z-dhsuni.site\/wp\/?page_id=1418"},"modified":"2026-02-02T17:47:24","modified_gmt":"2026-02-02T10:47:24","slug":"cac-cong-cu-ho-tro","status":"publish","type":"page","link":"https:\/\/z-dhsuni.site\/wp\/cac-cong-cu-ho-tro\/","title":{"rendered":"C\u00c1C C\u00d4NG C\u1ee4 H\u1ed6 TR\u1ee2"},"content":{"rendered":"\n<p><strong>C\u00c1C C\u00d4NG C\u1ee4 H\u1ed6 TR\u1ee2 TRONG QU\u1ea2N L\u00dd GI\u00c1O D\u1ee4C<\/strong><\/p>\n\n\n\n<p>\ud83d\udccc&nbsp;<em>C\u00e1c c\u00f4ng c\u1ee5 h\u1ed7 tr\u1ee3 trong qu\u1ea3n l\u00fd gi\u00e1o d\u1ee5c nh\u01b0 chuy\u1ec3n \u0111\u1ed5i Word sang PDF, PDF sang Word; c\u00f4ng c\u1ee5 chuy\u1ec3n \u0111\u1ed5i t\u1eeb file sang \u0111\u1ec1 thi online; c\u00f4ng c\u1ee5 tr\u1ed9n \u0111\u1ec1\u2026<\/em>&nbsp;<strong>\u0111\u01b0\u1ee3c t\u00edch h\u1ee3p tr\u00ed tu\u1ec7 nh\u00e2n t\u1ea1o (AI)<\/strong>&nbsp;nh\u1eb1m h\u1ed7 tr\u1ee3 hi\u1ec7u qu\u1ea3 cho c\u1ea3 ng\u01b0\u1eddi d\u1ea1y v\u00e0 ng\u01b0\u1eddi h\u1ecdc.<\/p>\n\n\n\n<p>\ud83e\udd16 Nh\u1edd \u1ee9ng d\u1ee5ng AI, c\u00e1c c\u00f4ng c\u1ee5 n\u00e0y gi\u00fap&nbsp;<strong>t\u1ef1 \u0111\u1ed9ng h\u00f3a nhi\u1ec1u kh\u00e2u k\u1ef9 thu\u1eadt<\/strong>, gi\u1ea3m \u0111\u00e1ng k\u1ec3 th\u1eddi gian v\u00e0 \u00e1p l\u1ef1c c\u00f4ng vi\u1ec7c h\u00e0nh ch\u00ednh cho gi\u00e1o vi\u00ean; \u0111\u1ed3ng th\u1eddi&nbsp;<strong>chu\u1ea9n h\u00f3a, x\u1eed l\u00ed v\u00e0 l\u01b0u tr\u1eef h\u1ecdc li\u1ec7u<\/strong>&nbsp;m\u1ed9t c\u00e1ch nhanh ch\u00f3ng, ch\u00ednh x\u00e1c, h\u1ea1n ch\u1ebf sai s\u00f3t trong qu\u00e1 tr\u00ecnh thao t\u00e1c th\u1ee7 c\u00f4ng.<\/p>\n\n\n\n<p>\ud83d\udcdd B\u00ean c\u1ea1nh \u0111\u00f3, c\u00e1c c\u00f4ng c\u1ee5 c\u00f2n h\u1ed7 tr\u1ee3&nbsp;<strong>x\u00e2y d\u1ef1ng \u0111\u1ec1 thi tr\u1ef1c tuy\u1ebfn<\/strong>,&nbsp;<strong>tr\u1ed9n \u0111\u1ec1 th\u00f4ng minh<\/strong>, \u0111\u1ea3m b\u1ea3o&nbsp;<strong>t\u00ednh kh\u00e1ch quan, b\u1ea3o m\u1eadt v\u00e0 ph\u00e2n h\u00f3a n\u0103ng l\u1ef1c ng\u01b0\u1eddi h\u1ecdc<\/strong>; cho ph\u00e9p&nbsp;<strong>ch\u1ea5m b\u00e0i t\u1ef1 \u0111\u1ed9ng<\/strong>, th\u1ed1ng k\u00ea k\u1ebft qu\u1ea3, ph\u00e2n t\u00edch d\u1eef li\u1ec7u h\u1ecdc t\u1eadp, t\u1eeb \u0111\u00f3 gi\u00fap gi\u00e1o vi\u00ean \u0111i\u1ec1u ch\u1ec9nh ph\u01b0\u01a1ng ph\u00e1p gi\u1ea3ng d\u1ea1y ph\u00f9 h\u1ee3p h\u01a1n.<\/p>\n\n\n\n<p>\ud83d\ude80 Vi\u1ec7c t\u00edch h\u1ee3p AI v\u00e0o c\u00e1c c\u00f4ng c\u1ee5 qu\u1ea3n l\u00fd gi\u00e1o d\u1ee5c g\u00f3p ph\u1ea7n&nbsp;<strong>n\u00e2ng cao hi\u1ec7u qu\u1ea3 qu\u1ea3n l\u00ed<\/strong>, t\u0103ng t\u00ednh&nbsp;<strong>khoa h\u1ecdc, minh b\u1ea1ch<\/strong>, th\u00fac \u0111\u1ea9y&nbsp;<strong>chuy\u1ec3n \u0111\u1ed5i s\u1ed1 trong nh\u00e0 tr\u01b0\u1eddng<\/strong>, \u0111\u00e1p \u1ee9ng y\u00eau c\u1ea7u \u0111\u1ed5i m\u1edbi d\u1ea1y h\u1ecdc v\u00e0 ki\u1ec3m tra, \u0111\u00e1nh gi\u00e1 theo \u0111\u1ecbnh h\u01b0\u1edbng ph\u00e1t tri\u1ec3n n\u0103ng l\u1ef1c v\u00e0 ph\u1ea9m ch\u1ea5t ng\u01b0\u1eddi h\u1ecdc trong giai \u0111o\u1ea1n hi\u1ec7n nay.<\/p>\n\n\n\n<div class=\"wp-block-group is-layout-grid wp-container-core-group-is-layout-988b637e wp-block-group-is-layout-grid\">\n<!-- Font Awesome icon -->\n<link rel=\"stylesheet\" href=\"https:\/\/cdnjs.cloudflare.com\/ajax\/libs\/font-awesome\/6.5.0\/css\/all.min.css\">\n\n<style>\n    .z-card {\n        background: #ffffff;\n        width: 320px;              \/* NH\u1ece H\u01a0N *\/\n        padding: 20px 18px;        \/* G\u1eccN H\u01a0N *\/\n        border-radius: 18px;\n        box-shadow: 0 10px 30px rgba(0,0,0,0.18);\n        font-family: \"Segoe UI\", Arial, sans-serif;\n    }\n\n    .z-card-header {\n        display: flex;\n        align-items: center;\n        gap: 10px;\n        margin-bottom: 6px;\n    }\n\n    .z-card-header i {\n        font-size: 22px;\n        color: #5f3dc4;\n    }\n\n    .z-card-header h1 {\n        margin: 0;\n        font-size: 20px;\n        font-weight: 700;\n        color: #111827;\n    }\n\n    .z-subtitle {\n        font-size: 15px;\n        font-weight: 600;\n        color: #374151;\n        margin: 6px 0 14px;\n    }\n\n    .z-features {\n        margin-bottom: 16px;\n    }\n\n    .z-feature-item {\n        display: flex;\n        align-items: flex-start;\n        gap: 8px;\n        font-size: 14px;\n        color: #374151;\n        margin-bottom: 8px;\n        line-height: 1.4;\n    }\n\n    .z-feature-item i {\n        color: #6366f1;\n        font-size: 14px;\n        margin-top: 3px;\n    }\n\n    .z-highlight {\n        color: #4f46e5;\n        font-weight: 600;\n    }\n\n    .z-btn-start {\n        display: block;\n        width: 100%;\n        padding: 10px 0;\n        border-radius: 10px;\n        font-size: 15px;\n        font-weight: 700;\n        color: #ffffff;\n        text-align: center;\n        text-decoration: none;\n        background: linear-gradient(135deg, #ff7a18, #ff922b);\n        box-shadow: 0 6px 16px rgba(255, 122, 24, 0.4);\n        transition: 0.2s;\n    }\n\n    .z-btn-start:hover {\n        opacity: 0.9;\n    }\n<\/style>\n\n<div class=\"z-card\">\n    <div class=\"z-card-header\">\n        <i class=\"fa-regular fa-file-lines\"><\/i>\n        <h1>Z-DHSUni<\/h1>\n    <\/div>\n\n    <div class=\"z-subtitle\">Tr\u1ed9n \u0111\u1ec1 thi v\u1edbi AI<\/div>\n\n    <div class=\"z-features\">\n        <div class=\"z-feature-item\">\n            <i class=\"fa-solid fa-check\"><\/i>\n            <span>T\u00cdCH H\u1ee2P TR\u1ed8N \u0110\u1ec0 2018 &#8211; 2025<\/span>\n        <\/div>\n\n        <div class=\"z-feature-item\">\n            <i class=\"fa-solid fa-check\"><\/i>\n            <span>TR\u1ed8N \u0110\u1ec0 TR\u1eaeC NGHI\u1ec6M \u2013 T\u1ef0 LU\u1eacN \u2013 OFFLINE<\/span>\n        <\/div>\n\n        <div class=\"z-feature-item\">\n            <i class=\"fa-solid fa-check\"><\/i>\n            <span class=\"z-highlight\">\n                N\u00c2NG CAO TR\u1ea2I NGHI\u1ec6M GI\u1ea2NG D\u1ea0Y V\u00c0 H\u1eccC T\u1eacP\n            <\/span>\n        <\/div>\n    <\/div>\n\n    <a href=\"https:\/\/z-dhsuni.site\/wp\/cong-cu-tron-de\/ \" target=\"_blank\" class=\"z-btn-start\">\n        \ud83d\ude80 B\u1eaeT \u0110\u1ea6U TR\u1ed8N \u0110\u1ec0\n    <\/a>\n<\/div>\n\n\n\n<!-- Font Awesome icon -->\n<link rel=\"stylesheet\" href=\"https:\/\/cdnjs.cloudflare.com\/ajax\/libs\/font-awesome\/6.5.0\/css\/all.min.css\">\n\n<style>\n    .z-card {\n        background: #ffffff;\n        width: 320px;              \/* NH\u1ece H\u01a0N *\/\n        padding: 20px 18px;        \/* G\u1eccN H\u01a0N *\/\n        border-radius: 18px;\n        box-shadow: 0 10px 30px rgba(0,0,0,0.18);\n        font-family: \"Segoe UI\", Arial, sans-serif;\n    }\n\n    .z-card-header {\n        display: flex;\n        align-items: center;\n        gap: 10px;\n        margin-bottom: 6px;\n    }\n\n    .z-card-header i {\n        font-size: 22px;\n        color: #5f3dc4;\n    }\n\n    .z-card-header h1 {\n        margin: 0;\n        font-size: 20px;\n        font-weight: 700;\n        color: #111827;\n    }\n\n    .z-subtitle {\n        font-size: 15px;\n        font-weight: 600;\n        color: #374151;\n        margin: 6px 0 14px;\n    }\n\n    .z-features {\n        margin-bottom: 16px;\n    }\n\n    .z-feature-item {\n        display: flex;\n        align-items: flex-start;\n        gap: 8px;\n        font-size: 14px;\n        color: #374151;\n        margin-bottom: 8px;\n        line-height: 1.4;\n    }\n\n    .z-feature-item i {\n        color: #6366f1;\n        font-size: 14px;\n        margin-top: 3px;\n    }\n\n    .z-highlight {\n        color: #4f46e5;\n        font-weight: 600;\n    }\n\n    .z-btn-start {\n        display: block;\n        width: 100%;\n        padding: 10px 0;\n        border-radius: 10px;\n        font-size: 15px;\n        font-weight: 700;\n        color: #ffffff;\n        text-align: center;\n        text-decoration: none;\n        background: linear-gradient(135deg, #ff7a18, #ff922b);\n        box-shadow: 0 6px 16px rgba(255, 122, 24, 0.4);\n        transition: 0.2s;\n    }\n\n    .z-btn-start:hover {\n        opacity: 0.9;\n    }\n<\/style>\n\n<div class=\"z-card\">\n    <div class=\"z-card-header\">\n        <i class=\"fa-regular fa-file-lines\"><\/i>\n        <h1>Z-DHSUni<\/h1>\n    <\/div>\n\n    <div class=\"z-subtitle\">Chuy\u1ec3n \u0111\u1ed5i PDF sang Word b\u1eb1ng AI<\/div>\n\n    <div class=\"z-features\">\n        <div class=\"z-feature-item\">\n            <i class=\"fa-solid fa-check\"><\/i>\n            <span>NHANH CH\u00d3NG V\u00c0 HI\u1ec6U QU\u1ea2 CHO NG\u01af\u1edcI D\u1ea0Y V\u00c0 H\u1eccC<\/span>\n        <\/div>\n\n        <div class=\"z-feature-item\">\n            <i class=\"fa-solid fa-check\"><\/i>\n            <span>THU\u1eacN TI\u1ec6N CHO VI\u1ec6C D\u1ea0Y V\u00c0 H\u1eccC<\/span>\n        <\/div>\n\n        <div class=\"z-feature-item\">\n            <i class=\"fa-solid fa-check\"><\/i>\n            <span class=\"z-highlight\">\n                CHUY\u1ec2N \u0110\u1ed4I PDF SANG WORD PH\u1ee4C V\u1ee4 D\u1ea0Y V\u00c0 H\u1eccC\n            <\/span>\n        <\/div>\n    <\/div>\n\n    <a href=\"https:\/\/z-dhsuni.site\/wp\/chuyen-doi-tu-pdf-word\/ \" target=\"_blank\" class=\"z-btn-start\">\n        \ud83d\ude80 B\u1eaeT \u0110\u1ea6U CHUY\u1ec2N \u0110\u1ed4I\n    <\/a>\n<\/div>\n\n\n\n<!-- Font Awesome icon -->\n<link rel=\"stylesheet\" href=\"https:\/\/cdnjs.cloudflare.com\/ajax\/libs\/font-awesome\/6.5.0\/css\/all.min.css\">\n\n<style>\n    .z-card {\n        background: #ffffff;\n        width: 320px;              \/* NH\u1ece H\u01a0N *\/\n        padding: 20px 18px;        \/* G\u1eccN H\u01a0N *\/\n        border-radius: 18px;\n        box-shadow: 0 10px 30px rgba(0,0,0,0.18);\n        font-family: \"Segoe UI\", Arial, sans-serif;\n    }\n\n    .z-card-header {\n        display: flex;\n        align-items: center;\n        gap: 10px;\n        margin-bottom: 6px;\n    }\n\n    .z-card-header i {\n        font-size: 22px;\n        color: #5f3dc4;\n    }\n\n    .z-card-header h1 {\n        margin: 0;\n        font-size: 20px;\n        font-weight: 700;\n        color: #111827;\n    }\n\n    .z-subtitle {\n        font-size: 15px;\n        font-weight: 600;\n        color: #374151;\n        margin: 6px 0 14px;\n    }\n\n    .z-features {\n        margin-bottom: 16px;\n    }\n\n    .z-feature-item {\n        display: flex;\n        align-items: flex-start;\n        gap: 8px;\n        font-size: 14px;\n        color: #374151;\n        margin-bottom: 8px;\n        line-height: 1.4;\n    }\n\n    .z-feature-item i {\n        color: #6366f1;\n        font-size: 14px;\n        margin-top: 3px;\n    }\n\n    .z-highlight {\n        color: #4f46e5;\n        font-weight: 600;\n    }\n\n    .z-btn-start {\n        display: block;\n        width: 100%;\n        padding: 10px 0;\n        border-radius: 10px;\n        font-size: 15px;\n        font-weight: 700;\n        color: #ffffff;\n        text-align: center;\n        text-decoration: none;\n        background: linear-gradient(135deg, #ff7a18, #ff922b);\n        box-shadow: 0 6px 16px rgba(255, 122, 24, 0.4);\n        transition: 0.2s;\n    }\n\n    .z-btn-start:hover {\n        opacity: 0.9;\n    }\n<\/style>\n\n<div class=\"z-card\">\n    <div class=\"z-card-header\">\n        <i class=\"fa-regular fa-file-lines\"><\/i>\n        <h1>Z-DHSUni<\/h1>\n    <\/div>\n\n    <div class=\"z-subtitle\">T\u1ea1o \u0111\u1ec1 b\u1eb1ng AI<\/div>\n\n    <div class=\"z-features\">\n        <div class=\"z-feature-item\">\n            <i class=\"fa-solid fa-check\"><\/i>\n            <span>N\u00c2NG T\u1ea6M TRI TH\u1ee8C V\u1edaI AI TRONG GI\u00c1O D\u1ee4C<\/span>\n        <\/div>\n\n        <div class=\"z-feature-item\">\n            <i class=\"fa-solid fa-check\"><\/i>\n            <span>H\u1ed6 TR\u1ee2 NG\u01af\u1edcI D\u1ea0Y V\u00c0 H\u1eccC SO\u1ea0N NHANH \u0110\u1ec0 THI<\/span>\n        <\/div>\n\n        <div class=\"z-feature-item\">\n            <i class=\"fa-solid fa-check\"><\/i>\n            <span class=\"z-highlight\">\n                T\u1ea0O \u0110\u1ec0 NHANH CH\u00d3NG V\u00c0 CH\u00cdNH X\u00c1C\n            <\/span>\n        <\/div>\n    <\/div>\n\n    <a href=\"https:\/\/z-dhsuni.site\/wp\/tao-de-bang-ai\/\" target=\"_blank\" class=\"z-btn-start\">\n        \ud83d\ude80 B\u1eaeT \u0110\u1ea6U CHUY\u1ec2N \u0110\u1ed4I\n    <\/a>\n<\/div>\n\n\n\n<!-- Font Awesome icon -->\n<link rel=\"stylesheet\" href=\"https:\/\/cdnjs.cloudflare.com\/ajax\/libs\/font-awesome\/6.5.0\/css\/all.min.css\">\n\n<style>\n    .z-card {\n        background: #ffffff;\n        width: 320px;              \/* NH\u1ece H\u01a0N *\/\n        padding: 20px 18px;        \/* G\u1eccN H\u01a0N *\/\n        border-radius: 18px;\n        box-shadow: 0 10px 30px rgba(0,0,0,0.18);\n        font-family: \"Segoe UI\", Arial, sans-serif;\n    }\n\n    .z-card-header {\n        display: flex;\n        align-items: center;\n        gap: 10px;\n        margin-bottom: 6px;\n    }\n\n    .z-card-header i {\n        font-size: 22px;\n        color: #5f3dc4;\n    }\n\n    .z-card-header h1 {\n        margin: 0;\n        font-size: 20px;\n        font-weight: 700;\n        color: #111827;\n    }\n\n    .z-subtitle {\n        font-size: 15px;\n        font-weight: 600;\n        color: #374151;\n        margin: 6px 0 14px;\n    }\n\n    .z-features {\n        margin-bottom: 16px;\n    }\n\n    .z-feature-item {\n        display: flex;\n        align-items: flex-start;\n        gap: 8px;\n        font-size: 14px;\n        color: #374151;\n        margin-bottom: 8px;\n        line-height: 1.4;\n    }\n\n    .z-feature-item i {\n        color: #6366f1;\n        font-size: 14px;\n        margin-top: 3px;\n    }\n\n    .z-highlight {\n        color: #4f46e5;\n        font-weight: 600;\n    }\n\n    .z-btn-start {\n        display: block;\n        width: 100%;\n        padding: 10px 0;\n        border-radius: 10px;\n        font-size: 15px;\n        font-weight: 700;\n        color: #ffffff;\n        text-align: center;\n        text-decoration: none;\n        background: linear-gradient(135deg, #ff7a18, #ff922b);\n        box-shadow: 0 6px 16px rgba(255, 122, 24, 0.4);\n        transition: 0.2s;\n    }\n\n    .z-btn-start:hover {\n        opacity: 0.9;\n    }\n<\/style>\n\n<div class=\"z-card\">\n    <div class=\"z-card-header\">\n        <i class=\"fa-regular fa-file-lines\"><\/i>\n        <h1>Z-DHSUni<\/h1>\n    <\/div>\n\n    <div class=\"z-subtitle\">T\u00f3m t\u1eaft \u2013 d\u00e0n \u00fd b\u1eb1ng AI<\/div>\n\n    <div class=\"z-features\">\n        <div class=\"z-feature-item\">\n            <i class=\"fa-solid fa-check\"><\/i>\n            <span>K\u1ebeT N\u1ed0I AI V\u00c0 TR\u1ede TH\u00c0NH NG\u01af\u1edcI B\u1ea0N TH\u1ee8 2<\/span>\n        <\/div>\n\n        <div class=\"z-feature-item\">\n            <i class=\"fa-solid fa-check\"><\/i>\n            <span>N\u1ec0N T\u1ea2NG H\u1ed6 TR\u1ee2 NG\u01af\u1edcI D\u1ea0Y V\u00c0 NG\u01af\u1edcI H\u1eccC<\/span>\n        <\/div>\n\n        <div class=\"z-feature-item\">\n            <i class=\"fa-solid fa-check\"><\/i>\n            <span class=\"z-highlight\">\n                T\u00d3M T\u1eaeT N\u1ed8I DUNG NHANH CH\u00d3NG \u2013 CH\u00cdNH X\u00c1C\n            <\/span>\n        <\/div>\n    <\/div>\n\n    <a href=\"https:\/\/z-dhsuni.site\/wp\/tom-tat-bang-ai\/\" target=\"_blank\" class=\"z-btn-start\">\n        \ud83d\ude80 B\u1eaeT \u0110\u1ea6U CHUY\u1ec2N \u0110\u1ed4I\n    <\/a>\n<\/div>\n<\/div>\n\n\n\n<!DOCTYPE html>\n<html lang=\"vi\">\n<head>\n<meta charset=\"UTF-8\">\n<title>Th\u00f4ng b\u00e1o<\/title>\n\n<link rel=\"stylesheet\" href=\"https:\/\/cdnjs.cloudflare.com\/ajax\/libs\/font-awesome\/6.5.0\/css\/all.min.css\">\n\n<style>\n    body {\n        font-family: \"Segoe UI\", Arial, sans-serif;\n    }\n\n    \/* N\u1ec1n m\u1edd *\/\n    .overlay {\n        position: fixed;\n        inset: 0;\n        background: rgba(0,0,0,0.45);\n        display: none;\n        z-index: 1000;\n    }\n\n    \/* H\u1ed9p th\u00f4ng b\u00e1o nh\u1ecf *\/\n    .notice-box {\n        position: fixed;\n        top: 50%;\n        left: 50%;\n        transform: translate(-50%, -50%);\n        width: 380px;\n        background: #fff;\n        border-radius: 16px;\n        padding: 20px 22px;\n        box-shadow: 0 18px 40px rgba(0,0,0,0.25);\n        display: none;\n        z-index: 1001;\n    }\n\n    .notice-header {\n        display: flex;\n        align-items: center;\n        gap: 10px;\n        margin-bottom: 10px;\n    }\n\n    .notice-header i {\n        color: #f59e0b;\n        font-size: 22px;\n    }\n\n    .notice-header h3 {\n        margin: 0;\n        font-size: 18px;\n        color: #1f2937;\n    }\n\n    .notice-box p {\n        font-size: 14.5px;\n        line-height: 1.5;\n        color: #374151;\n        margin: 10px 0;\n    }\n\n    .notice-box ul {\n        padding-left: 18px;\n        margin: 8px 0 14px;\n    }\n\n    .notice-box ul li {\n        font-size: 14px;\n        margin-bottom: 6px;\n    }\n\n    .notice-footer {\n        display: flex;\n        justify-content: flex-end;\n        gap: 10px;\n        margin-top: 10px;\n    }\n\n    .notice-footer button,\n    .notice-footer a {\n        padding: 7px 14px;\n        border-radius: 10px;\n        font-size: 14px;\n        border: none;\n        cursor: pointer;\n        text-decoration: none;\n    }\n\n    .btn-close {\n        background: #e5e7eb;\n        color: #374151;\n    }\n\n    .btn-upgrade {\n        background: #f59e0b;\n        color: #fff;\n    }\n<\/style>\n<\/head>\n<body>\n\n<div class=\"overlay\" id=\"overlay\"><\/div>\n\n<div class=\"notice-box\" id=\"notice\">\n    <div class=\"notice-header\">\n        <i class=\"fa-solid fa-circle-info\"><\/i>\n        <h3>Th\u00f4ng b\u00e1o cho gi\u00e1o vi\u00ean<\/h3>\n    <\/div>\n\n    <p>\n        M\u1ed9t s\u1ed1 c\u00f4ng c\u1ee5 n\u00e2ng cao trong h\u1ec7 th\u1ed1ng t\u00edch h\u1ee3p AI\n        y\u00eau c\u1ea7u <strong>n\u00e2ng c\u1ea5p t\u00e0i kho\u1ea3n<\/strong> v\u00e0 c\u00f3 th\u1ec3 ph\u00e1t sinh <strong>chi ph\u00ed<\/strong>.\n    <\/p>\n\n    <ul>\n        <li>Tr\u1ed9n \u0111\u1ec1 th\u00f4ng minh<\/li>\n        <li>Chuy\u1ec3n Word\/PDF sang \u0111\u1ec1 online<\/li>\n        <li>Th\u1ed1ng k\u00ea, ph\u00e2n t\u00edch k\u1ebft qu\u1ea3<\/li>\n    <\/ul>\n\n    <div class=\"notice-footer\">\n        <button class=\"btn-close\" onclick=\"closeNotice()\">\u0110\u00e3 hi\u1ec3u<\/button>\n        <a href=\"LINK_GOI_NANG_CAP\" target=\"_blank\" class=\"btn-upgrade\">\n            Xem g\u00f3i\n        <\/a>\n    <\/div>\n<\/div>\n\n<script>\n    window.onload = function () {\n        document.getElementById(\"overlay\").style.display = \"block\";\n        document.getElementById(\"notice\").style.display = \"block\";\n    };\n\n    function closeNotice() {\n        document.getElementById(\"overlay\").style.display = \"none\";\n        document.getElementById(\"notice\").style.display = \"none\";\n    }\n<\/script>\n\n<\/body>\n<\/html>\n","protected":false},"excerpt":{"rendered":"<p>C\u00c1C C\u00d4NG C\u1ee4 H\u1ed6 TR\u1ee2 TRONG QU\u1ea2N L\u00dd GI\u00c1O D\u1ee4C \ud83d\udccc&nbsp;C\u00e1c c\u00f4ng c\u1ee5 h\u1ed7 tr\u1ee3 [&hellip;]<\/p>\n","protected":false},"author":1,"featured_media":0,"parent":0,"menu_order":0,"comment_status":"closed","ping_status":"closed","template":"","meta":{"pagelayer_contact_templates":[],"_pagelayer_content":"","footnotes":""},"class_list":["post-1418","page","type-page","status-publish","hentry"],"_links":{"self":[{"href":"https:\/\/z-dhsuni.site\/wp\/wp-json\/wp\/v2\/pages\/1418","targetHints":{"allow":["GET"]}}],"collection":[{"href":"https:\/\/z-dhsuni.site\/wp\/wp-json\/wp\/v2\/pages"}],"about":[{"href":"https:\/\/z-dhsuni.site\/wp\/wp-json\/wp\/v2\/types\/page"}],"author":[{"embeddable":true,"href":"https:\/\/z-dhsuni.site\/wp\/wp-json\/wp\/v2\/users\/1"}],"replies":[{"embeddable":true,"href":"https:\/\/z-dhsuni.site\/wp\/wp-json\/wp\/v2\/comments?post=1418"}],"version-history":[{"count":12,"href":"https:\/\/z-dhsuni.site\/wp\/wp-json\/wp\/v2\/pages\/1418\/revisions"}],"predecessor-version":[{"id":2267,"href":"https:\/\/z-dhsuni.site\/wp\/wp-json\/wp\/v2\/pages\/1418\/revisions\/2267"}],"wp:attachment":[{"href":"https:\/\/z-dhsuni.site\/wp\/wp-json\/wp\/v2\/media?parent=1418"}],"curies":[{"name":"wp","href":"https:\/\/api.w.org\/{rel}","templated":true}]}}